{"id":14,"date":"2023-05-30T15:13:39","date_gmt":"2023-05-30T13:13:39","guid":{"rendered":"https:\/\/taaaxis.fr\/?page_id=14"},"modified":"2025-12-11T10:18:45","modified_gmt":"2025-12-11T09:18:45","slug":"vous-avez-besoin-dun-transport-de-personnes","status":"publish","type":"page","link":"https:\/\/taaaxis.fr\/index.php\/vous-avez-besoin-dun-transport-de-personnes\/","title":{"rendered":"Vous avez besoin d&rsquo;un transport de personnes ?"},"content":{"rendered":"\n<p class=\"has-text-align-center has-x-large-font-size\"><strong>R\u00e9servations et renseignements : 06 33 75 67 73<\/strong><\/p>\n\n\n\n<p>Vous recherchez un v\u00e9hicule avec chauffeur pour vous emmener \u00e0 la gare, \u00e0 l&rsquo;a\u00e9roport, ou dans une autre ville en France, ou \u00e0 l&rsquo;\u00e9tranger?<\/p>\n\n\n\n<p>Particuliers ou Entreprises, avec notre r\u00e9seau de partenaires, nous disposons de v\u00e9hicules jusqu&rsquo;\u00e0 8 places pour vous emmener \u00e0 bon port, toujours avec un service qualit\u00e9 triple A !<\/p>\n\n\n\n<p class=\"has-text-align-left\">Pour vos \u00e9v\u00e9nements, nous adaptons le ou les v\u00e9hicules : De la voiture 5 places, au Van 8 ou 9 places et en passant par la limousine (la vraie, comme en Am\u00e9rique!).<\/p>\n\n\n\n<figure class=\"wp-block-gallery has-nested-images columns-default is-cropped wp-block-gallery-1 is-layout-flex wp-block-gallery-is-layout-flex\"><div class=\"wp-block-image\">\n<figure class=\"aligncenter size-large\"><img loading=\"lazy\" decoding=\"async\" width=\"1024\" height=\"554\" data-id=\"169\" src=\"https:\/\/taaaxis.fr\/wp-content\/uploads\/2024\/08\/viano-noir-1-1024x554.jpg\" alt=\"Viano DRIVE Nancy\" class=\"wp-image-169\" srcset=\"https:\/\/taaaxis.fr\/wp-content\/uploads\/2024\/08\/viano-noir-1-1024x554.jpg 1024w, https:\/\/taaaxis.fr\/wp-content\/uploads\/2024\/08\/viano-noir-1-300x162.jpg 300w, https:\/\/taaaxis.fr\/wp-content\/uploads\/2024\/08\/viano-noir-1-768x415.jpg 768w, https:\/\/taaaxis.fr\/wp-content\/uploads\/2024\/08\/viano-noir-1.jpg 1524w\" sizes=\"auto, (max-width: 1024px) 100vw, 1024px\" \/><figcaption class=\"wp-element-caption\">Viano : Jusqu&rsquo;\u00e0 8 passagers (du volume et du cuir)<\/figcaption><\/figure>\n<\/div><\/figure>\n\n\n\n<p>Voici quelques exemples pour lesquels nos clients font appel \u00e0 nos services :<\/p>\n\n\n\n<ul class=\"wp-block-list\">\n<li>Vous accompagner et vous d\u00e9poser \u00e0 votre destination en France ou \u00e0 l&rsquo;\u00e9tranger<\/li>\n\n\n\n<li>Emmener toute la famille \u00e0 l&rsquo;a\u00e9roport et les amener chez vous.<\/li>\n\n\n\n<li>Aller accueillir des clients, \u00e0 la gare ou l&rsquo;a\u00e9roport et les amener jusqu&rsquo;\u00e0 votre entreprise<\/li>\n\n\n\n<li>Planifier un voyage avec des \u00e9tapes et assurer la logistique pour vos voyageurs<\/li>\n\n\n\n<li>Mise \u00e0 disposition d&rsquo;un ou de plusieurs v\u00e9hicules avec chauffeur pour un \u00e9v\u00e9nement, une manifestation, sur un ou plusieurs jours.<\/li>\n\n\n\n<li>Location d&rsquo;une limousine avec chauffeur pour un \u00e9v\u00e9nement professionnel ou priv\u00e9<\/li>\n<\/ul>\n\n\n\n<blockquote class=\"wp-block-quote is-style-default has-background has-medium-font-size is-layout-flow wp-block-quote-is-layout-flow\" style=\"background:linear-gradient(135deg,rgb(243,206,82) 0%,rgb(251,213,42) 38%,rgba(255,106,0,0.04) 100%)\">\n<p class=\"has-text-align-center\">Emmener des passagers d&rsquo;un point A \u00e0 un point B, c&rsquo;est plus que simplement conduire !<\/p>\n<\/blockquote>\n\n\n\n<p class=\"has-text-align-center has-x-large-font-size\"><strong>R\u00e9servations et renseignements : 06 33 75 67 73<\/strong><\/p>\n\n\n\n<div class=\"wp-block-group is-nowrap is-layout-flex wp-container-core-group-is-layout-ad2f72ca wp-block-group-is-layout-flex\">\n<figure class=\"wp-block-image size-large\"><img loading=\"lazy\" decoding=\"async\" width=\"1916\" height=\"1165\" src=\"https:\/\/taaaxis.fr\/wp-content\/uploads\/2024\/08\/3-1024x623.png\" alt=\"Voiture avec Chauffeur\" class=\"wp-image-162\" srcset=\"https:\/\/taaaxis.fr\/wp-content\/uploads\/2024\/08\/3-1024x623.png 1024w, https:\/\/taaaxis.fr\/wp-content\/uploads\/2024\/08\/3-300x182.png 300w, https:\/\/taaaxis.fr\/wp-content\/uploads\/2024\/08\/3-768x467.png 768w, https:\/\/taaaxis.fr\/wp-content\/uploads\/2024\/08\/3-1536x934.png 1536w, https:\/\/taaaxis.fr\/wp-content\/uploads\/2024\/08\/3-1776x1080.png 1776w, https:\/\/taaaxis.fr\/wp-content\/uploads\/2024\/08\/3.png 1916w\" sizes=\"auto, (max-width: 1916px) 100vw, 1916px\" \/><\/figure>\n<\/div>\n\n\n\n<blockquote class=\"wp-block-quote is-style-plain has-background has-medium-font-size is-layout-flow wp-block-quote-is-layout-flow\" style=\"background:linear-gradient(135deg,rgb(243,206,82) 0%,rgb(251,213,42) 35%,rgba(242,205,82,0.38) 100%)\">\n<p class=\"has-text-align-center\">Nous s\u00e9lectionnons avec soin les v\u00e9hicules et les chauffeurs<\/p>\n<\/blockquote>\n\n\n\n<figure class=\"wp-block-image size-large\"><img loading=\"lazy\" decoding=\"async\" width=\"1024\" height=\"683\" src=\"https:\/\/taaaxis.fr\/wp-content\/uploads\/2025\/12\/GUILLAUME-1024x683.jpg\" alt=\"\" class=\"wp-image-257\" srcset=\"https:\/\/taaaxis.fr\/wp-content\/uploads\/2025\/12\/GUILLAUME-1024x683.jpg 1024w, https:\/\/taaaxis.fr\/wp-content\/uploads\/2025\/12\/GUILLAUME-300x200.jpg 300w, https:\/\/taaaxis.fr\/wp-content\/uploads\/2025\/12\/GUILLAUME-768x512.jpg 768w, https:\/\/taaaxis.fr\/wp-content\/uploads\/2025\/12\/GUILLAUME-1536x1025.jpg 1536w, https:\/\/taaaxis.fr\/wp-content\/uploads\/2025\/12\/GUILLAUME-1619x1080.jpg 1619w, https:\/\/taaaxis.fr\/wp-content\/uploads\/2025\/12\/GUILLAUME.jpg 2048w\" sizes=\"auto, (max-width: 1024px) 100vw, 1024px\" \/><figcaption class=\"wp-element-caption\">Le Model X offre le confort et la pr\u00e9sentation d&rsquo;un v\u00e9hicule d&rsquo;exception<\/figcaption><\/figure>\n\n\n<div class=\"wp-block-image is-style-default\">\n<figure class=\"aligncenter size-large\"><img loading=\"lazy\" decoding=\"async\" width=\"1024\" height=\"506\" src=\"https:\/\/taaaxis.fr\/wp-content\/uploads\/2024\/08\/limousine-place-stan-avec-WM-DRIVE-1024x506.jpg\" alt=\"Location Limousine Lorraine\" class=\"wp-image-175\" srcset=\"https:\/\/taaaxis.fr\/wp-content\/uploads\/2024\/08\/limousine-place-stan-avec-WM-DRIVE-1024x506.jpg 1024w, https:\/\/taaaxis.fr\/wp-content\/uploads\/2024\/08\/limousine-place-stan-avec-WM-DRIVE-300x148.jpg 300w, https:\/\/taaaxis.fr\/wp-content\/uploads\/2024\/08\/limousine-place-stan-avec-WM-DRIVE-768x380.jpg 768w, https:\/\/taaaxis.fr\/wp-content\/uploads\/2024\/08\/limousine-place-stan-avec-WM-DRIVE-1536x759.jpg 1536w, https:\/\/taaaxis.fr\/wp-content\/uploads\/2024\/08\/limousine-place-stan-avec-WM-DRIVE-1920x949.jpg 1920w, https:\/\/taaaxis.fr\/wp-content\/uploads\/2024\/08\/limousine-place-stan-avec-WM-DRIVE.jpg 2048w\" sizes=\"auto, (max-width: 1024px) 100vw, 1024px\" \/><figcaption class=\"wp-element-caption\">Limousine : jusqu&rsquo;\u00e0 7 passagers (pour une arriv\u00e9e de \u00ab\u00a0Star\u00a0\u00bb)<\/figcaption><\/figure>\n<\/div>\n\n\n<p class=\"has-text-align-center has-x-large-font-size\"><strong>R\u00e9servations et renseignements : 06 33 75 67 73<\/strong><\/p>\n","protected":false},"excerpt":{"rendered":"<p>R\u00e9servations et renseignements : 06 33 75 67 73 Vous recherchez un v\u00e9hicule avec chauffeur pour vous emmener \u00e0 la gare, \u00e0 l&rsquo;a\u00e9roport, ou dans une autre ville en France, ou \u00e0 l&rsquo;\u00e9tranger? Particuliers ou Entreprises, avec notre r\u00e9seau de partenaires, nous disposons de v\u00e9hicules jusqu&rsquo;\u00e0 8 places pour vous emmener \u00e0 bon port, toujours&hellip; <br \/> <a class=\"button small blue\" href=\"https:\/\/taaaxis.fr\/index.php\/vous-avez-besoin-dun-transport-de-personnes\/\">Lire la suite<\/a><\/p>\n","protected":false},"author":1,"featured_media":0,"parent":0,"menu_order":0,"comment_status":"closed","ping_status":"closed","template":"","meta":{"footnotes":""},"class_list":["post-14","page","type-page","status-publish","hentry"],"_links":{"self":[{"href":"https:\/\/taaaxis.fr\/index.php\/wp-json\/wp\/v2\/pages\/14","targetHints":{"allow":["GET"]}}],"collection":[{"href":"https:\/\/taaaxis.fr\/index.php\/wp-json\/wp\/v2\/pages"}],"about":[{"href":"https:\/\/taaaxis.fr\/index.php\/wp-json\/wp\/v2\/types\/page"}],"author":[{"embeddable":true,"href":"https:\/\/taaaxis.fr\/index.php\/wp-json\/wp\/v2\/users\/1"}],"replies":[{"embeddable":true,"href":"https:\/\/taaaxis.fr\/index.php\/wp-json\/wp\/v2\/comments?post=14"}],"version-history":[{"count":20,"href":"https:\/\/taaaxis.fr\/index.php\/wp-json\/wp\/v2\/pages\/14\/revisions"}],"predecessor-version":[{"id":258,"href":"https:\/\/taaaxis.fr\/index.php\/wp-json\/wp\/v2\/pages\/14\/revisions\/258"}],"wp:attachment":[{"href":"https:\/\/taaaxis.fr\/index.php\/wp-json\/wp\/v2\/media?parent=14"}],"curies":[{"name":"wp","href":"https:\/\/api.w.org\/{rel}","templated":true}]}}